{"id":17,"date":"2025-12-05T15:45:26","date_gmt":"2025-12-05T15:45:26","guid":{"rendered":"https:\/\/norrbottensbryggeri.se\/?page_id=17"},"modified":"2026-01-09T10:03:02","modified_gmt":"2026-01-09T10:03:02","slug":"start","status":"publish","type":"page","link":"https:\/\/norrbottensbryggeri.se\/","title":{"rendered":"Start"},"content":{"rendered":"\t\t<div data-elementor-type=\"wp-page\" data-elementor-id=\"17\" class=\"elementor elementor-17\">\n\t\t\t\t<div class=\"elementor-element elementor-element-68835bb e-con-full e-flex e-con e-parent\" data-id=\"68835bb\" data-element_type=\"container\" data-settings=\"{&quot;background_background&quot;:&quot;classic&quot;}\">\n\t\t\t\t<div class=\"elementor-element elementor-element-7613f5e elementor-absolute elementor-widget elementor-widget-heading\" data-id=\"7613f5e\" data-element_type=\"widget\" data-settings=\"{&quot;_position&quot;:&quot;absolute&quot;}\" data-widget_type=\"heading.default\">\n\t\t\t\t\t<h1 class=\"elementor-heading-title elementor-size-default\">H\u00c4R KOMMER SNART V\u00c5R NYA HEMSIDA\n<br><br>Under tiden f\u00e5r ni kontakta oss via<br>e-postadresserna l\u00e4ngre ner p\u00e5 sidan!<\/h1>\t\t\t\t<\/div>\n\t\t\t\t<div class=\"elementor-element elementor-element-1873a06 elementor-absolute elementor-widget elementor-widget-text-editor\" data-id=\"1873a06\" data-element_type=\"widget\" data-settings=\"{&quot;_position&quot;:&quot;absolute&quot;}\" data-widget_type=\"text-editor.default\">\n\t\t\t\t\t\t\t\t\t<p><a href=\"mailto:info@niehkulava.se\">info@niehkulava.se<\/a><\/p>\t\t\t\t\t\t\t\t<\/div>\n\t\t\t\t<div class=\"elementor-element elementor-element-02b9f32 elementor-absolute elementor-widget elementor-widget-text-editor\" data-id=\"02b9f32\" data-element_type=\"widget\" data-settings=\"{&quot;_position&quot;:&quot;absolute&quot;}\" data-widget_type=\"text-editor.default\">\n\t\t\t\t\t\t\t\t\t<p><a href=\"mailto:info@topbrewery.se\">info@topbrewery.se<\/a><\/p>\t\t\t\t\t\t\t\t<\/div>\n\t\t\t\t<div class=\"elementor-element elementor-element-e27c168 elementor-absolute elementor-widget elementor-widget-text-editor\" data-id=\"e27c168\" data-element_type=\"widget\" data-settings=\"{&quot;_position&quot;:&quot;absolute&quot;}\" data-widget_type=\"text-editor.default\">\n\t\t\t\t\t\t\t\t\t<p><a href=\"mailto:info@jukkasjarvispirits.se\">info@jukkasjarvispirits.se<\/a><\/p>\t\t\t\t\t\t\t\t<\/div>\n\t\t\t\t<div class=\"elementor-element elementor-element-2001963 elementor-absolute elementor-widget elementor-widget-text-editor\" data-id=\"2001963\" data-element_type=\"widget\" data-settings=\"{&quot;_position&quot;:&quot;absolute&quot;}\" data-widget_type=\"text-editor.default\">\n\t\t\t\t\t\t\t\t\t<p><a href=\"tel:0980375000\">0980-375000<\/a><\/p>\t\t\t\t\t\t\t\t<\/div>\n\t\t\t\t<\/div>\n\t\t\t\t<\/div>\n\t\t","protected":false},"excerpt":{"rendered":"<p>H\u00c4R KOMMER SNART V\u00c5R NYA HEMSIDA Under tiden f\u00e5r ni kontakta oss viae-postadresserna l\u00e4ngre ner p\u00e5 sidan! info@niehkulava.se info@topbrewery.se info@jukkasjarvispirits.se 0980-375000<\/p>\n","protected":false},"author":1,"featured_media":19,"parent":0,"menu_order":0,"comment_status":"closed","ping_status":"closed","template":"","meta":{"footnotes":""},"class_list":["post-17","page","type-page","status-publish","has-post-thumbnail","hentry"],"_links":{"self":[{"href":"https:\/\/norrbottensbryggeri.se\/index.php?rest_route=\/wp\/v2\/pages\/17","targetHints":{"allow":["GET"]}}],"collection":[{"href":"https:\/\/norrbottensbryggeri.se\/index.php?rest_route=\/wp\/v2\/pages"}],"about":[{"href":"https:\/\/norrbottensbryggeri.se\/index.php?rest_route=\/wp\/v2\/types\/page"}],"author":[{"embeddable":true,"href":"https:\/\/norrbottensbryggeri.se\/index.php?rest_route=\/wp\/v2\/users\/1"}],"replies":[{"embeddable":true,"href":"https:\/\/norrbottensbryggeri.se\/index.php?rest_route=%2Fwp%2Fv2%2Fcomments&post=17"}],"version-history":[{"count":22,"href":"https:\/\/norrbottensbryggeri.se\/index.php?rest_route=\/wp\/v2\/pages\/17\/revisions"}],"predecessor-version":[{"id":47,"href":"https:\/\/norrbottensbryggeri.se\/index.php?rest_route=\/wp\/v2\/pages\/17\/revisions\/47"}],"wp:featuredmedia":[{"embeddable":true,"href":"https:\/\/norrbottensbryggeri.se\/index.php?rest_route=\/wp\/v2\/media\/19"}],"wp:attachment":[{"href":"https:\/\/norrbottensbryggeri.se\/index.php?rest_route=%2Fwp%2Fv2%2Fmedia&parent=17"}],"curies":[{"name":"wp","href":"https:\/\/api.w.org\/{rel}","templated":true}]}}